{"id":10867,"date":"2022-04-07T08:17:15","date_gmt":"2022-04-07T08:17:15","guid":{"rendered":"https:\/\/entorno.sjdigitaldemo.ovh\/estructura\/"},"modified":"2025-04-10T12:13:23","modified_gmt":"2025-04-10T12:13:23","slug":"estructura","status":"publish","type":"page","link":"https:\/\/entornoseguro.org\/ca\/estructura\/","title":{"rendered":"Estructura"},"content":{"rendered":"<p>[et_pb_section fb_built=&#8221;1&#8243; next_background_color=&#8221;#ffffff&#8221; admin_label=&#8221;Hero&#8221; _builder_version=&#8221;4.16.1&#8243; background_color=&#8221;#f7f8fc&#8221; background_image=&#8221;https:\/\/entornoseguro.org\/wp-content\/uploads\/2022\/04\/estructura_bh.png&#8221; background_size=&#8221;initial&#8221; custom_padding=&#8221;|||&#8221; bottom_divider_style=&#8221;asymmetric&#8221; bottom_divider_height=&#8221;40%&#8221; bottom_divider_height_tablet=&#8221;&#8221; bottom_divider_height_phone=&#8221;&#8221; bottom_divider_height_last_edited=&#8221;on|phone&#8221; global_colors_info=&#8221;{}&#8221;][\/et_pb_section][et_pb_section fb_built=&#8221;1&#8243; admin_label=&#8221;About Us&#8221; _builder_version=&#8221;4.16&#8243; global_colors_info=&#8221;{}&#8221;][et_pb_row _builder_version=&#8221;4.16&#8243; global_colors_info=&#8221;{}&#8221;][et_pb_column type=&#8221;4_4&#8243; _builder_version=&#8221;4.16&#8243; custom_padding=&#8221;|||&#8221; global_colors_info=&#8221;{}&#8221; custom_padding__hover=&#8221;|||&#8221;][et_pb_divider color=&#8221;#009DC2&#8243; divider_weight=&#8221;3px&#8221; _builder_version=&#8221;4.17.1&#8243; max_width=&#8221;100px&#8221; module_alignment=&#8221;center&#8221; custom_margin=&#8221;||0px|&#8221; locked=&#8221;off&#8221; global_colors_info=&#8221;{}&#8221;][\/et_pb_divider][et_pb_text _builder_version=&#8221;4.16&#8243; text_font=&#8221;Montserrat|300|||||||&#8221; text_font_size=&#8221;16px&#8221; text_line_height=&#8221;2em&#8221; header_font=&#8221;||||||||&#8221; header_2_font=&#8221;||||||||&#8221; header_2_font_size=&#8221;36px&#8221; header_2_line_height=&#8221;1.4em&#8221; text_orientation=&#8221;center&#8221; max_width=&#8221;700px&#8221; module_alignment=&#8221;center&#8221; custom_margin=&#8221;|||&#8221; custom_margin_last_edited=&#8221;off|desktop&#8221; header_2_font_size_tablet=&#8221;30px&#8221; header_2_font_size_phone=&#8221;24px&#8221; header_2_font_size_last_edited=&#8221;on|phone&#8221; locked=&#8221;off&#8221; global_colors_info=&#8221;{}&#8221;]<\/p>\n<h2>La nostra estructura<\/h2>\n<p>Una infraestructura per aportar, avaluar, millorar i treballar activament en la construcci\u00f3 d&#8217;aquests Entorns Segurs.<\/p>\n<p>[\/et_pb_text][\/et_pb_column][\/et_pb_row][et_pb_row column_structure=&#8221;1_4,1_4,1_4,1_4&#8243; use_custom_gutter=&#8221;on&#8221; gutter_width=&#8221;4&#8243; _builder_version=&#8221;4.16&#8243; global_colors_info=&#8221;{}&#8221;][et_pb_column type=&#8221;1_4&#8243; _builder_version=&#8221;4.16&#8243; custom_padding=&#8221;|||&#8221; global_colors_info=&#8221;{}&#8221; custom_padding__hover=&#8221;|||&#8221;][et_pb_team_member name=&#8221;Oficina responsable&#8221; position=&#8221;Sr. Jos\u00e9 Mar\u00eda R. Olaizola, SJ (Coordinador)\u00a0 \u00a0 \u00a0 \u00a0 \u00a0 \u00a0 \u00a0 \u00a0 \u00a0 \u00a0 \u00a0 \u00a0 \u00a0 \u00a0 \u00a0 Sra. Valeska Ferrer (informaci\u00f3)\u00a0 \u00a0 \u00a0 \u00a0 \u00a0 \u00a0 \u00a0 \u00a0 \u00a0 \u00a0 \u00a0 \u00a0 \u00a0 \u00a0 \u00a0 \u00a0 \u00a0Sra. Gema Tom\u00e1s (Formaci\u00f3) D. Jos\u00e9 Ovies\u00a0 \u00a0 \u00a0 \u00a0 \u00a0 \u00a0 \u00a0 \u00a0(protocols i processos)&#8221; _builder_version=&#8221;4.17.0&#8243; header_font=&#8221;|600|||||||&#8221; header_font_size=&#8221;18px&#8221; header_line_height=&#8221;1.6em&#8221; body_font=&#8221;Montserrat|300|||||||&#8221; body_line_height=&#8221;2em&#8221; text_orientation=&#8221;center&#8221; border_color_all_image=&#8221;rgba(0,59,222,0.06)&#8221; border_style_all_image=&#8221;none&#8221; global_colors_info=&#8221;{}&#8221;]<\/p>\n<p><a href=\"mailto:esp.entornoseguro@jesuitas.es\" target=\"_blank\" rel=\"noopener\" title=\"email\">Contactar<\/a><\/p>\n<p>[\/et_pb_team_member][\/et_pb_column][et_pb_column type=&#8221;1_4&#8243; _builder_version=&#8221;4.16&#8243; custom_padding=&#8221;|||&#8221; global_colors_info=&#8221;{}&#8221; custom_padding__hover=&#8221;|||&#8221;][et_pb_team_member name=&#8221;Consell d&#8217;entorn segur&#8221; _builder_version=&#8221;4.16.1&#8243; header_font=&#8221;|600|||||||&#8221; header_font_size=&#8221;18px&#8221; header_line_height=&#8221;1.6em&#8221; body_font=&#8221;Montserrat|300|||||||&#8221; body_line_height=&#8221;2em&#8221; text_orientation=&#8221;center&#8221; border_width_all_image=&#8221;20px&#8221; border_color_all_image=&#8221;rgba(0,59,222,0.06)&#8221; border_style_all_image=&#8221;none&#8221; locked=&#8221;off&#8221; global_colors_info=&#8221;{}&#8221;]<\/p>\n<p><span style=\"font-weight: 400;\">Al costat dels responsables d&#8217;entorn segur i el provincial d&#8217;Espanya, 8 persones m\u00e9s de perfils professionals diferents, o pertanyents a alguna associaci\u00f3 de v\u00edctimes.<\/span><\/p>\n<p>[\/et_pb_team_member][\/et_pb_column][et_pb_column type=&#8221;1_4&#8243; _builder_version=&#8221;4.16&#8243; custom_padding=&#8221;|||&#8221; global_colors_info=&#8221;{}&#8221; custom_padding__hover=&#8221;|||&#8221;][et_pb_team_member name=&#8221;Equips de formaci\u00f3&#8221; _builder_version=&#8221;4.17.0&#8243; header_font=&#8221;|600|||||||&#8221; header_font_size=&#8221;18px&#8221; header_line_height=&#8221;1.6em&#8221; body_font=&#8221;Montserrat|300|||||||&#8221; body_line_height=&#8221;2em&#8221; text_orientation=&#8221;center&#8221; border_color_all_image=&#8221;rgba(0,59,222,0.06)&#8221; border_style_all_image=&#8221;none&#8221; locked=&#8221;off&#8221; global_colors_info=&#8221;{}&#8221;]<\/p>\n<p>Per cada sector. Es poden consultar <a href=\"\/#concreto\" target=\"_blank\" rel=\"noopener\">aqu\u00ed.<\/a><\/p>\n<p>[\/et_pb_team_member][\/et_pb_column][et_pb_column type=&#8221;1_4&#8243; _builder_version=&#8221;4.16.1&#8243; _module_preset=&#8221;default&#8221; global_colors_info=&#8221;{}&#8221;][et_pb_team_member name=&#8221;Agents d&#8217;entorn segur&#8221; _builder_version=&#8221;4.17.0&#8243; header_font=&#8221;|600|||||||&#8221; header_font_size=&#8221;18px&#8221; header_line_height=&#8221;1.6em&#8221; body_font=&#8221;Montserrat|300|||||||&#8221; body_line_height=&#8221;2em&#8221; text_orientation=&#8221;center&#8221; border_color_all_image=&#8221;rgba(0,59,222,0.06)&#8221; border_style_all_image=&#8221;none&#8221; locked=&#8221;off&#8221; global_colors_info=&#8221;{}&#8221;]<\/p>\n<p>Actualment hi ha gaireb\u00e9 200 agents d&#8217;entorn segur formats per prevenir, sensibilitzar i detectar possibles situacions d&#8217;ab\u00fas.<\/p>\n<p>[\/et_pb_team_member][\/et_pb_column][\/et_pb_row][\/et_pb_section][et_pb_section fb_built=&#8221;1&#8243; custom_padding_last_edited=&#8221;on|desktop&#8221; prev_background_color=&#8221;#ffffff&#8221; next_background_color=&#8221;#009DC2&#8243; admin_label=&#8221;Team&#8221; _builder_version=&#8221;4.16.1&#8243; background_color=&#8221;#FFFFFF&#8221; background_image=&#8221;https:\/\/entornoseguro.org\/wp-content\/uploads\/2022\/04\/bg_gente.png&#8221; background_size=&#8221;initial&#8221; background_position=&#8221;top_left&#8221; background_repeat=&#8221;repeat&#8221; custom_padding=&#8221;||250px||false|false&#8221; custom_padding_tablet=&#8221;||150px||false&#8221; custom_padding_phone=&#8221;||100px||false&#8221; top_divider_style=&#8221;ramp&#8221; top_divider_height=&#8221;40%&#8221; top_divider_repeat=&#8221;0.8x&#8221; top_divider_flip=&#8221;horizontal|vertical&#8221; bottom_divider_style=&#8221;asymmetric3&#8243; bottom_divider_height=&#8221;30%&#8221; bottom_divider_height_tablet=&#8221;180px&#8221; bottom_divider_height_phone=&#8221;110px&#8221; bottom_divider_height_last_edited=&#8221;on|phone&#8221; global_colors_info=&#8221;{}&#8221;][et_pb_row _builder_version=&#8221;4.16.1&#8243; _module_preset=&#8221;default&#8221; global_colors_info=&#8221;{}&#8221;][et_pb_column type=&#8221;4_4&#8243; _builder_version=&#8221;4.16.1&#8243; _module_preset=&#8221;default&#8221; global_colors_info=&#8221;{}&#8221;][et_pb_button button_url=&#8221;https:\/\/entornoseguro.org\/wp-content\/uploads\/2022\/04\/Compromiso-de-la-Compan%CC%83i%CC%81a-de-Jesu%CC%81s-firmado-Provincial.pdf&#8221; url_new_window=&#8221;on&#8221; button_text=&#8221;Comprom\u00eds institucional&#8221; button_alignment=&#8221;center&#8221; _builder_version=&#8221;4.17.1&#8243; _module_preset=&#8221;default&#8221; button_text_size=&#8221;16px&#8221; button_bg_color_gradient_stops=&#8221;#009dc2 0%|#337281 60%|#337281 100%&#8221; button_border_width=&#8221;0px&#8221; button_border_color=&#8221;RGBA(255,255,255,0)&#8221; button_border_radius=&#8221;13px&#8221; background_layout=&#8221;dark&#8221; custom_margin=&#8221;20px||20px||false|false&#8221; custom_padding=&#8221;16px|40px|16px|40px|true|true&#8221; global_colors_info=&#8221;{}&#8221; button_border_radius__hover=&#8221;4px&#8221; button_border_radius__hover_enabled=&#8221;on&#8221; button_letter_spacing__hover=&#8221;1px&#8221; button_letter_spacing__hover_enabled=&#8221;on&#8221;][\/et_pb_button][\/et_pb_column][\/et_pb_row][\/et_pb_section]<\/p>\n","protected":false},"excerpt":{"rendered":"<p>La nostra estructura Una infraestructura per aportar, avaluar, millorar i treballar activament en la construcci\u00f3 d&#8217;aquests Entorns Segurs.ContactarAl costat dels responsables d&#8217;entorn segur i el provincial d&#8217;Espanya, 8 persones m\u00e9s de perfils professionals diferents, o pertanyents a alguna associaci\u00f3 de v\u00edctimes.Per cada sector. Es poden consultar aqu\u00ed.Actualment hi ha gaireb\u00e9 200 agents d&#8217;entorn segur formats [&hellip;]<\/p>\n","protected":false},"author":1,"featured_media":0,"parent":0,"menu_order":0,"comment_status":"closed","ping_status":"closed","template":"","meta":{"_et_pb_use_builder":"on","_et_pb_old_content":"","_et_gb_content_width":"","footnotes":""},"class_list":["post-10867","page","type-page","status-publish","hentry"],"_links":{"self":[{"href":"https:\/\/entornoseguro.org\/ca\/wp-json\/wp\/v2\/pages\/10867","targetHints":{"allow":["GET"]}}],"collection":[{"href":"https:\/\/entornoseguro.org\/ca\/wp-json\/wp\/v2\/pages"}],"about":[{"href":"https:\/\/entornoseguro.org\/ca\/wp-json\/wp\/v2\/types\/page"}],"author":[{"embeddable":true,"href":"https:\/\/entornoseguro.org\/ca\/wp-json\/wp\/v2\/users\/1"}],"replies":[{"embeddable":true,"href":"https:\/\/entornoseguro.org\/ca\/wp-json\/wp\/v2\/comments?post=10867"}],"version-history":[{"count":15,"href":"https:\/\/entornoseguro.org\/ca\/wp-json\/wp\/v2\/pages\/10867\/revisions"}],"predecessor-version":[{"id":11430,"href":"https:\/\/entornoseguro.org\/ca\/wp-json\/wp\/v2\/pages\/10867\/revisions\/11430"}],"wp:attachment":[{"href":"https:\/\/entornoseguro.org\/ca\/wp-json\/wp\/v2\/media?parent=10867"}],"curies":[{"name":"wp","href":"https:\/\/api.w.org\/{rel}","templated":true}]}}