{"id":10872,"date":"2022-04-07T08:17:15","date_gmt":"2022-04-07T08:17:15","guid":{"rendered":"https:\/\/entorno.sjdigitaldemo.ovh\/estrutura\/"},"modified":"2025-04-10T12:16:15","modified_gmt":"2025-04-10T12:16:15","slug":"estrutura","status":"publish","type":"page","link":"https:\/\/entornoseguro.org\/gl\/estrutura\/","title":{"rendered":"Estrutura"},"content":{"rendered":"<p>[et_pb_section fb_built=&#8221;1&#8243; next_background_color=&#8221;#ffffff&#8221; admin_label=&#8221;Hero&#8221; _builder_version=&#8221;4.16.1&#8243; background_color=&#8221;#f7f8fc&#8221; background_image=&#8221;https:\/\/entornoseguro.org\/wp-content\/uploads\/2022\/04\/estructura_bh.png&#8221; background_size=&#8221;initial&#8221; custom_padding=&#8221;|||&#8221; bottom_divider_style=&#8221;asymmetric&#8221; bottom_divider_height=&#8221;40%&#8221; bottom_divider_height_tablet=&#8221;&#8221; bottom_divider_height_phone=&#8221;&#8221; bottom_divider_height_last_edited=&#8221;on|phone&#8221; global_colors_info=&#8221;{}&#8221;][\/et_pb_section][et_pb_section fb_built=&#8221;1&#8243; admin_label=&#8221;About Us&#8221; _builder_version=&#8221;4.16&#8243; global_colors_info=&#8221;{}&#8221;][et_pb_row _builder_version=&#8221;4.16&#8243; global_colors_info=&#8221;{}&#8221;][et_pb_column type=&#8221;4_4&#8243; _builder_version=&#8221;4.16&#8243; custom_padding=&#8221;|||&#8221; global_colors_info=&#8221;{}&#8221; custom_padding__hover=&#8221;|||&#8221;][et_pb_divider color=&#8221;#009DC2&#8243; divider_weight=&#8221;3px&#8221; _builder_version=&#8221;4.17.1&#8243; max_width=&#8221;100px&#8221; module_alignment=&#8221;center&#8221; custom_margin=&#8221;||0px|&#8221; locked=&#8221;off&#8221; global_colors_info=&#8221;{}&#8221;][\/et_pb_divider][et_pb_text _builder_version=&#8221;4.16&#8243; text_font=&#8221;Montserrat|300|||||||&#8221; text_font_size=&#8221;16px&#8221; text_line_height=&#8221;2em&#8221; header_font=&#8221;||||||||&#8221; header_2_font=&#8221;||||||||&#8221; header_2_font_size=&#8221;36px&#8221; header_2_line_height=&#8221;1.4em&#8221; text_orientation=&#8221;center&#8221; max_width=&#8221;700px&#8221; module_alignment=&#8221;center&#8221; custom_margin=&#8221;|||&#8221; custom_margin_last_edited=&#8221;off|desktop&#8221; header_2_font_size_tablet=&#8221;30px&#8221; header_2_font_size_phone=&#8221;24px&#8221; header_2_font_size_last_edited=&#8221;on|phone&#8221; locked=&#8221;off&#8221; global_colors_info=&#8221;{}&#8221;]<\/p>\n<h2>A nosa estrutura<\/h2>\n<p>Unha infraestrutura para contribu\u00edr, avaliar, mellorar e traballar activamente na construci\u00f3n destes Contornos Seguros.<\/p>\n<p>[\/et_pb_text][\/et_pb_column][\/et_pb_row][et_pb_row column_structure=&#8221;1_4,1_4,1_4,1_4&#8243; use_custom_gutter=&#8221;on&#8221; gutter_width=&#8221;4&#8243; _builder_version=&#8221;4.16&#8243; global_colors_info=&#8221;{}&#8221;][et_pb_column type=&#8221;1_4&#8243; _builder_version=&#8221;4.16&#8243; custom_padding=&#8221;|||&#8221; global_colors_info=&#8221;{}&#8221; custom_padding__hover=&#8221;|||&#8221;][et_pb_team_member name=&#8221;oficina responsable&#8221; position=&#8221;D. Jos\u00e9 Mar\u00eda R. Olaizola, SJ (Coordinador)D.a Valeska Ferrer (informaci\u00f3n)D.a Gema Tom\u00e1s (Formaci\u00f3n)D. Jos\u00e9 Ovies (protocolos e procesos)&#8221; _builder_version=&#8221;4.17.0&#8243; header_font=&#8221;|600|||||||&#8221; header_font_size=&#8221;18px&#8221; header_line_height=&#8221;1.6em&#8221; body_font=&#8221;Montserrat|300|||||||&#8221; body_line_height=&#8221;2em&#8221; text_orientation=&#8221;center&#8221; border_color_all_image=&#8221;rgba(0,59,222,0.06)&#8221; border_style_all_image=&#8221;none&#8221; global_colors_info=&#8221;{}&#8221;]<\/p>\n<p><a href=\"mailto:esp.entornoseguro@jesuitas.es\" target=\"_blank\" rel=\"noopener\" title=\"email\">Contacto<\/a><\/p>\n<p>[\/et_pb_team_member][\/et_pb_column][et_pb_column type=&#8221;1_4&#8243; _builder_version=&#8221;4.16&#8243; custom_padding=&#8221;|||&#8221; global_colors_info=&#8221;{}&#8221; custom_padding__hover=&#8221;|||&#8221;][et_pb_team_member name=&#8221;Consello de Medio Ambiente Seguro&#8221; _builder_version=&#8221;4.16.1&#8243; header_font=&#8221;|600|||||||&#8221; header_font_size=&#8221;18px&#8221; header_line_height=&#8221;1.6em&#8221; body_font=&#8221;Montserrat|300|||||||&#8221; body_line_height=&#8221;2em&#8221; text_orientation=&#8221;center&#8221; border_width_all_image=&#8221;20px&#8221; border_color_all_image=&#8221;rgba(0,59,222,0.06)&#8221; border_style_all_image=&#8221;none&#8221; locked=&#8221;off&#8221; global_colors_info=&#8221;{}&#8221;]<\/p>\n<p><span style=\"font-weight: 400;\">Xunto aos responsables de medio ambiente seguro e provincial de Espa\u00f1a, outras 8 persoas con diferentes perf\u00eds profesionais, ou pertencentes a unha asociaci\u00f3n de v\u00edtimas.<\/span><\/p>\n<p>[\/et_pb_team_member][\/et_pb_column][et_pb_column type=&#8221;1_4&#8243; _builder_version=&#8221;4.16&#8243; custom_padding=&#8221;|||&#8221; global_colors_info=&#8221;{}&#8221; custom_padding__hover=&#8221;|||&#8221;][et_pb_team_member name=&#8221;equipos de formaci\u00f3n&#8221; _builder_version=&#8221;4.17.0&#8243; header_font=&#8221;|600|||||||&#8221; header_font_size=&#8221;18px&#8221; header_line_height=&#8221;1.6em&#8221; body_font=&#8221;Montserrat|300|||||||&#8221; body_line_height=&#8221;2em&#8221; text_orientation=&#8221;center&#8221; border_color_all_image=&#8221;rgba(0,59,222,0.06)&#8221; border_style_all_image=&#8221;none&#8221; locked=&#8221;off&#8221; global_colors_info=&#8221;{}&#8221;]<\/p>\n<p>Para cada sector. Poden consultarse <a href=\"\/#concreto\" target=\"_blank\" rel=\"noopener\">aqu\u00ed.<\/a><\/p>\n<p>[\/et_pb_team_member][\/et_pb_column][et_pb_column type=&#8221;1_4&#8243; _builder_version=&#8221;4.16.1&#8243; _module_preset=&#8221;default&#8221; global_colors_info=&#8221;{}&#8221;][et_pb_team_member name=&#8221;Axentes de medio ambiente seguro&#8221; _builder_version=&#8221;4.17.0&#8243; header_font=&#8221;|600|||||||&#8221; header_font_size=&#8221;18px&#8221; header_line_height=&#8221;1.6em&#8221; body_font=&#8221;Montserrat|300|||||||&#8221; body_line_height=&#8221;2em&#8221; text_orientation=&#8221;center&#8221; border_color_all_image=&#8221;rgba(0,59,222,0.06)&#8221; border_style_all_image=&#8221;none&#8221; locked=&#8221;off&#8221; global_colors_info=&#8221;{}&#8221;]<\/p>\n<p>Actualmente hai case 200 axentes de medio ambiente seguro capacitados para previr, sensibilizar e detectar posibles situaci\u00f3ns de malos tratos.<\/p>\n<p>[\/et_pb_team_member][\/et_pb_column][\/et_pb_row][\/et_pb_section][et_pb_section fb_built=&#8221;1&#8243; custom_padding_last_edited=&#8221;on|desktop&#8221; prev_background_color=&#8221;#ffffff&#8221; next_background_color=&#8221;#009DC2&#8243; admin_label=&#8221;Team&#8221; _builder_version=&#8221;4.16.1&#8243; background_color=&#8221;#FFFFFF&#8221; background_image=&#8221;https:\/\/entornoseguro.org\/wp-content\/uploads\/2022\/04\/bg_gente.png&#8221; background_size=&#8221;initial&#8221; background_position=&#8221;top_left&#8221; background_repeat=&#8221;repeat&#8221; custom_padding=&#8221;||250px||false|false&#8221; custom_padding_tablet=&#8221;||150px||false&#8221; custom_padding_phone=&#8221;||100px||false&#8221; top_divider_style=&#8221;ramp&#8221; top_divider_height=&#8221;40%&#8221; top_divider_repeat=&#8221;0.8x&#8221; top_divider_flip=&#8221;horizontal|vertical&#8221; bottom_divider_style=&#8221;asymmetric3&#8243; bottom_divider_height=&#8221;30%&#8221; bottom_divider_height_tablet=&#8221;180px&#8221; bottom_divider_height_phone=&#8221;110px&#8221; bottom_divider_height_last_edited=&#8221;on|phone&#8221; global_colors_info=&#8221;{}&#8221;][et_pb_row _builder_version=&#8221;4.16.1&#8243; _module_preset=&#8221;default&#8221; global_colors_info=&#8221;{}&#8221;][et_pb_column type=&#8221;4_4&#8243; _builder_version=&#8221;4.16.1&#8243; _module_preset=&#8221;default&#8221; global_colors_info=&#8221;{}&#8221;][et_pb_button button_url=&#8221;\/wp-content\/uploads\/2022\/04\/Compromiso-de-la-Compa\u00f1\u00eda-de-Jes\u00fas-signado-Provincial.pdf&#8221; url_new_window=&#8221;on&#8221; button_text=&#8221;Compromiso institucional&#8221; button_alignment=&#8221;center&#8221; _builder_version=&#8221;4.17.1&#8243; _module_preset=&#8221;default&#8221; button_text_size=&#8221;16px&#8221; button_bg_color_gradient_stops=&#8221;#009dc2 0%|#337281 60%|#337281 100%&#8221; button_border_width=&#8221;0px&#8221; button_border_color=&#8221;RGBA(255,255,255,0)&#8221; button_border_radius=&#8221;13px&#8221; background_layout=&#8221;dark&#8221; custom_margin=&#8221;20px||20px||false|false&#8221; custom_padding=&#8221;16px|40px|16px|40px|true|true&#8221; global_colors_info=&#8221;{}&#8221; button_border_radius__hover=&#8221;4px&#8221; button_border_radius__hover_enabled=&#8221;on&#8221; button_letter_spacing__hover=&#8221;1px&#8221; button_letter_spacing__hover_enabled=&#8221;on&#8221;][\/et_pb_button][\/et_pb_column][\/et_pb_row][\/et_pb_section]<\/p>\n","protected":false},"excerpt":{"rendered":"<p>A nosa estrutura Unha infraestrutura para contribu\u00edr, avaliar, mellorar e traballar activamente na construci\u00f3n destes Contornos Seguros.ContactoXunto aos responsables de medio ambiente seguro e provincial de Espa\u00f1a, outras 8 persoas con diferentes perf\u00eds profesionais, ou pertencentes a unha asociaci\u00f3n de v\u00edtimas.Para cada sector. Poden consultarse aqu\u00ed.Actualmente hai case 200 axentes de medio ambiente seguro capacitados [&hellip;]<\/p>\n","protected":false},"author":1,"featured_media":0,"parent":0,"menu_order":0,"comment_status":"closed","ping_status":"closed","template":"","meta":{"_et_pb_use_builder":"on","_et_pb_old_content":"","_et_gb_content_width":"","footnotes":""},"class_list":["post-10872","page","type-page","status-publish","hentry"],"_links":{"self":[{"href":"https:\/\/entornoseguro.org\/gl\/wp-json\/wp\/v2\/pages\/10872","targetHints":{"allow":["GET"]}}],"collection":[{"href":"https:\/\/entornoseguro.org\/gl\/wp-json\/wp\/v2\/pages"}],"about":[{"href":"https:\/\/entornoseguro.org\/gl\/wp-json\/wp\/v2\/types\/page"}],"author":[{"embeddable":true,"href":"https:\/\/entornoseguro.org\/gl\/wp-json\/wp\/v2\/users\/1"}],"replies":[{"embeddable":true,"href":"https:\/\/entornoseguro.org\/gl\/wp-json\/wp\/v2\/comments?post=10872"}],"version-history":[{"count":2,"href":"https:\/\/entornoseguro.org\/gl\/wp-json\/wp\/v2\/pages\/10872\/revisions"}],"predecessor-version":[{"id":11433,"href":"https:\/\/entornoseguro.org\/gl\/wp-json\/wp\/v2\/pages\/10872\/revisions\/11433"}],"wp:attachment":[{"href":"https:\/\/entornoseguro.org\/gl\/wp-json\/wp\/v2\/media?parent=10872"}],"curies":[{"name":"wp","href":"https:\/\/api.w.org\/{rel}","templated":true}]}}