{"id":10934,"date":"2022-04-07T12:47:53","date_gmt":"2022-04-07T12:47:53","guid":{"rendered":"https:\/\/entorno.sjdigitaldemo.ovh\/intervencion\/"},"modified":"2022-05-04T06:30:56","modified_gmt":"2022-05-04T06:30:56","slug":"intervencion","status":"publish","type":"page","link":"https:\/\/entornoseguro.org\/gl\/intervencion\/","title":{"rendered":"Intervenci\u00f3n"},"content":{"rendered":"<p>[et_pb_section fb_built=&#8221;1&#8243; admin_label=&#8221;Hero&#8221; _builder_version=&#8221;4.17.1&#8243; background_color=&#8221;#009DC2&#8243; custom_padding=&#8221;|0px|120px|0px|false|false&#8221; bottom_divider_style=&#8221;asymmetric3&#8243; bottom_divider_color=&#8221;#ffffff&#8221; global_colors_info=&#8221;{}&#8221;][et_pb_row column_structure=&#8221;1_2,1_2&#8243; _builder_version=&#8221;4.16&#8243; global_colors_info=&#8221;{}&#8221;][et_pb_column type=&#8221;1_2&#8243; _builder_version=&#8221;4.16&#8243; custom_padding=&#8221;|||&#8221; global_colors_info=&#8221;{}&#8221; custom_padding__hover=&#8221;|||&#8221;][et_pb_text _builder_version=&#8221;4.17.3&#8243; text_font=&#8221;Montserrat|300|||||||&#8221; text_font_size=&#8221;16px&#8221; text_line_height=&#8221;2em&#8221; header_font=&#8221;||||||||&#8221; header_font_size=&#8221;40px&#8221; header_line_height=&#8221;1.4em&#8221; background_layout=&#8221;dark&#8221; max_width=&#8221;600px&#8221; custom_margin=&#8221;||30px|&#8221; custom_margin_last_edited=&#8221;off|desktop&#8221; hover_enabled=&#8221;0&#8243; header_font_size_tablet=&#8221;30px&#8221; header_font_size_phone=&#8221;24px&#8221; header_font_size_last_edited=&#8221;on|desktop&#8221; global_colors_info=&#8221;{}&#8221; sticky_enabled=&#8221;0&#8243;]<\/p>\n<h1>Intervenci\u00f3n<\/h1>\n<p><span style=\"font-weight: 400;\"><span>Respondemos a calquera situaci\u00f3n de abuso da que recibamos noticias ou te\u00f1amos co\u00f1ecemento<\/span> . Precisamos que as v\u00edtimas nos env\u00eden a informaci\u00f3n directamente, a trav\u00e9s dos axentes de medio ambiente seguro dos centros, dende o buz\u00f3n <\/span><a href=\"mailto:proteccion@jesuitas.es\"><span style=\"font-weight: 400;\">proteccion@jesuitas.es<\/span><\/a> <span style=\"font-weight: 400;\">ou por outros medios.<\/span><\/p>\n<p>[\/et_pb_text][et_pb_button button_text=&#8221;escoit\u00e1moste&#8221; _builder_version=&#8221;4.17.1&#8243; button_text_size=&#8221;14px&#8221; button_text_color=&#8221;#ffffff&#8221; button_bg_color_gradient_stops=&#8221;#009dc2 0%|#005061 60%|#337281 100%&#8221; button_border_width=&#8221;0px&#8221; button_border_radius=&#8221;4px&#8221; button_letter_spacing=&#8221;1px&#8221; button_icon=&#8221;&#xf1d8;||fa||400&#8243; background_layout=&#8221;dark&#8221; custom_margin=&#8221;|||&#8221; custom_padding=&#8221;16px|40px|16px|40px|true|true&#8221; button_border_radius_hover=&#8221;4px&#8221; button_letter_spacing_hover=&#8221;1px&#8221; button_bg_color_hover=&#8221;#0053ef&#8221; global_colors_info=&#8221;{}&#8221; button_text_size__hover_enabled=&#8221;off&#8221; button_one_text_size__hover_enabled=&#8221;off&#8221; button_two_text_size__hover_enabled=&#8221;off&#8221; button_text_color__hover_enabled=&#8221;off&#8221; button_one_text_color__hover_enabled=&#8221;off&#8221; button_two_text_color__hover_enabled=&#8221;off&#8221; button_border_width__hover_enabled=&#8221;off&#8221; button_one_border_width__hover_enabled=&#8221;off&#8221; button_two_border_width__hover_enabled=&#8221;off&#8221; button_border_color__hover_enabled=&#8221;off&#8221; button_one_border_color__hover_enabled=&#8221;off&#8221; button_two_border_color__hover_enabled=&#8221;off&#8221; button_border_radius__hover_enabled=&#8221;on&#8221; button_border_radius__hover=&#8221;4px&#8221; button_one_border_radius__hover_enabled=&#8221;off&#8221; button_two_border_radius__hover_enabled=&#8221;off&#8221; button_letter_spacing__hover_enabled=&#8221;on&#8221; button_letter_spacing__hover=&#8221;1px&#8221; button_one_letter_spacing__hover_enabled=&#8221;off&#8221; button_two_letter_spacing__hover_enabled=&#8221;off&#8221; button_one_bg_color__hover_enabled=&#8221;off&#8221; button_two_bg_color__hover_enabled=&#8221;off&#8221;][\/et_pb_button][\/et_pb_column][et_pb_column type=&#8221;1_2&#8243; _builder_version=&#8221;4.16&#8243; custom_padding=&#8221;|||&#8221; global_colors_info=&#8221;{}&#8221; custom_padding__hover=&#8221;|||&#8221;][et_pb_image src=&#8221;https:\/\/entornoseguro.org\/wp-content\/uploads\/2019\/10\/fotos-cartel.png&#8221; title_text=&#8221;cartel de fotos&#8221; align_tablet=&#8221;center&#8221; align_phone=&#8221;center&#8221; align_last_edited=&#8221;on|desktop&#8221; _builder_version=&#8221;4.16.1&#8243; custom_margin=&#8221;|||&#8221; animation_style=&#8221;zoom&#8221; animation_direction=&#8221;bottom&#8221; animation_intensity_zoom=&#8221;4%&#8221; global_colors_info=&#8221;{}&#8221;][\/et_pb_image][\/et_pb_column][\/et_pb_row][\/et_pb_section][et_pb_section fb_built=&#8221;1&#8243; admin_label=&#8221;Policies&#8221; _builder_version=&#8221;4.16&#8243; background_color=&#8221;rgba(255,255,255,0)&#8221; custom_padding=&#8221;0|0px|58px|0px|false|false&#8221; global_colors_info=&#8221;{}&#8221;][et_pb_row column_structure=&#8221;1_2,1_2&#8243; _builder_version=&#8221;4.17.3&#8243; max_width=&#8221;800px&#8221; custom_margin=&#8221;-80px|||&#8221; custom_margin_tablet=&#8221;&#8221; custom_margin_phone=&#8221;&#8221; custom_margin_last_edited=&#8221;on|tablet&#8221; custom_padding=&#8221;0|0px|27px|0px|false|false&#8221; global_colors_info=&#8221;{}&#8221;][et_pb_column type=&#8221;1_2&#8243; _builder_version=&#8221;4.16&#8243; custom_padding=&#8221;|||&#8221; global_colors_info=&#8221;{}&#8221; custom_padding__hover=&#8221;|||&#8221;][et_pb_blurb title=&#8221;Espazos de escoita para acompa\u00f1ar \u00e1s v\u00edtimas e a s\u00faa contorna&#8221; image=&#8221;https:\/\/entornoseguro.org\/wp-content\/uploads\/2022\/04\/insurance-28.png&#8221; icon_placement=&#8221;left&#8221; content_max_width=&#8221;1100px&#8221; _builder_version=&#8221;4.16.1&#8243; header_font=&#8221;||||||||&#8221; header_line_height=&#8221;1.6em&#8221; body_font=&#8221;Montserrat|300|||||||&#8221; body_line_height=&#8221;2em&#8221; background_color=&#8221;#ffffff&#8221; text_orientation=&#8221;center&#8221; custom_padding=&#8221;30px|30px|30px|30px|true|true&#8221; animation_style=&#8221;zoom&#8221; animation_intensity_zoom=&#8221;10%&#8221; animation=&#8221;off&#8221; border_radii=&#8221;on|10px|10px|10px|10px&#8221; box_shadow_style=&#8221;preset3&#8243; box_shadow_vertical=&#8221;10px&#8221; box_shadow_blur=&#8221;80px&#8221; box_shadow_spread=&#8221;-10px&#8221; box_shadow_color=&#8221;rgba(44,54,92,0.2)&#8221; global_colors_info=&#8221;{}&#8221;]<\/p>\n<p><span style=\"font-weight: 400;\">Creamos un equipo de escorts presentes en toda Espa\u00f1a. Forman equipos de escoita que te\u00f1en como principal misi\u00f3n acoller \u00e1s v\u00edtimas que piden ser escoitadas, e acompa\u00f1alas nestes procesos. Estas persoas pasaron por un per\u00edodo de formaci\u00f3n espec\u00edfico para este tipo de situaci\u00f3ns<\/span><\/p>\n<p>[\/et_pb_blurb][\/et_pb_column][et_pb_column type=&#8221;1_2&#8243; _builder_version=&#8221;4.16&#8243; custom_padding=&#8221;|||&#8221; global_colors_info=&#8221;{}&#8221; custom_padding__hover=&#8221;|||&#8221;][et_pb_blurb title=&#8221;Facilitar o contacto con outras instituci\u00f3ns&#8221; image=&#8221;https:\/\/entornoseguro.org\/wp-content\/uploads\/2022\/04\/insurance-18.png&#8221; icon_placement=&#8221;left&#8221; content_max_width=&#8221;1100px&#8221; _builder_version=&#8221;4.16.1&#8243; header_font=&#8221;||||||||&#8221; header_line_height=&#8221;1.6em&#8221; body_font=&#8221;Montserrat|300|||||||&#8221; body_line_height=&#8221;2em&#8221; background_color=&#8221;#ffffff&#8221; text_orientation=&#8221;center&#8221; custom_padding=&#8221;30px|30px|30px|30px|true|true&#8221; animation_style=&#8221;zoom&#8221; animation_intensity_zoom=&#8221;10%&#8221; animation=&#8221;off&#8221; border_radii=&#8221;on|10px|10px|10px|10px&#8221; box_shadow_style=&#8221;preset3&#8243; box_shadow_vertical=&#8221;10px&#8221; box_shadow_blur=&#8221;80px&#8221; box_shadow_spread=&#8221;-10px&#8221; box_shadow_color=&#8221;rgba(44,54,92,0.2)&#8221; locked=&#8221;off&#8221; global_colors_info=&#8221;{}&#8221;]<\/p>\n<p><span style=\"font-weight: 400;\">Hai v\u00edtimas que prefiren ter contacto con persoas ou instituci\u00f3ns alleas \u00e1 Empresa, para asesoramento xur\u00eddico, atenci\u00f3n psicol\u00f3xica ou para contar a s\u00faa historia. Entre as instituci\u00f3ns coas que xa estamos a traballar est\u00e1n a Asociaci\u00f3n Betania, a Fundaci\u00f3n Vicky Bernadet (Catalu\u00f1a), ou o centro de orientaci\u00f3n familiar Lagungo (Bilbao).<\/span><\/p>\n<p>[\/et_pb_blurb][\/et_pb_column][\/et_pb_row][et_pb_row column_structure=&#8221;1_2,1_2&#8243; _builder_version=&#8221;4.17.1&#8243; max_width=&#8221;800px&#8221; global_colors_info=&#8221;{}&#8221;][et_pb_column type=&#8221;1_2&#8243; _builder_version=&#8221;4.16&#8243; custom_padding=&#8221;|||&#8221; global_colors_info=&#8221;{}&#8221; custom_padding__hover=&#8221;|||&#8221;][et_pb_blurb title=&#8221;Procedementos legais&#8221; image=&#8221;https:\/\/entornoseguro.org\/wp-content\/uploads\/2022\/04\/insurance-17.png&#8221; icon_placement=&#8221;left&#8221; content_max_width=&#8221;1100px&#8221; _builder_version=&#8221;4.16.1&#8243; header_font=&#8221;||||||||&#8221; header_line_height=&#8221;1.6em&#8221; body_font=&#8221;Montserrat|300|||||||&#8221; body_line_height=&#8221;2em&#8221; background_color=&#8221;#ffffff&#8221; text_orientation=&#8221;center&#8221; custom_padding=&#8221;30px|30px|30px|30px|true|true&#8221; animation_style=&#8221;zoom&#8221; animation_intensity_zoom=&#8221;10%&#8221; animation=&#8221;off&#8221; border_radii=&#8221;on|10px|10px|10px|10px&#8221; box_shadow_style=&#8221;preset3&#8243; box_shadow_vertical=&#8221;10px&#8221; box_shadow_blur=&#8221;80px&#8221; box_shadow_spread=&#8221;-10px&#8221; box_shadow_color=&#8221;rgba(44,54,92,0.2)&#8221; global_colors_info=&#8221;{}&#8221;]<\/p>\n<p><span style=\"font-weight: 400;\">Nos casos denunciados apl\u00edcanse os protocolos pertinentes (segundo os casos, idades, lexislaci\u00f3n de cada Comunidade Aut\u00f3noma, etc.) buscando sempre a verdade e a xustiza. Tam\u00e9n se abren procesos can\u00f3nicos no caso de abusos cometidos por relixiosos.<\/span><\/p>\n<p>[\/et_pb_blurb][\/et_pb_column][et_pb_column type=&#8221;1_2&#8243; _builder_version=&#8221;4.16&#8243; custom_padding=&#8221;|||&#8221; global_colors_info=&#8221;{}&#8221; custom_padding__hover=&#8221;|||&#8221;][et_pb_blurb title=&#8221;Procesos de xustiza restaurativa&#8221; image=&#8221;https:\/\/entornoseguro.org\/wp-content\/uploads\/2022\/04\/insurance-22.png&#8221; icon_placement=&#8221;left&#8221; content_max_width=&#8221;1100px&#8221; _builder_version=&#8221;4.17.1&#8243; header_font=&#8221;||||||||&#8221; header_line_height=&#8221;1.6em&#8221; body_font=&#8221;Montserrat|300|||||||&#8221; body_line_height=&#8221;2em&#8221; background_color=&#8221;#ffffff&#8221; text_orientation=&#8221;center&#8221; custom_padding=&#8221;30px|30px|30px|30px|true|true&#8221; animation_style=&#8221;zoom&#8221; animation_intensity_zoom=&#8221;10%&#8221; animation=&#8221;off&#8221; border_radii=&#8221;on|10px|10px|10px|10px&#8221; box_shadow_style=&#8221;preset3&#8243; box_shadow_vertical=&#8221;10px&#8221; box_shadow_blur=&#8221;80px&#8221; box_shadow_spread=&#8221;-10px&#8221; box_shadow_color=&#8221;rgba(44,54,92,0.2)&#8221; global_colors_info=&#8221;{}&#8221;]<\/p>\n<p>Unha das li\u00f1as de intervenci\u00f3n que se tenta propo\u00f1er sempre que sexa posible \u00e9 a Xustiza Restaurativa, descrita na Uni\u00f3n Europea como un m\u00e9todo polo que se poden identificar e satisfacer de forma equilibrada, xusta e xusta as necesidades e intereses das persoas implicadas nunha agresi\u00f3n. e nun ambiente colaborativo.<\/p>\n<p><a href=\"#justicia\">Aprender m\u00e1is<\/a><\/p>\n<p>[\/et_pb_blurb][\/et_pb_column][\/et_pb_row][\/et_pb_section][et_pb_section fb_built=&#8221;1&#8243; admin_label=&#8221;Bundles&#8221; module_id=&#8221;protocolo&#8221; _builder_version=&#8221;4.17.1&#8243; background_color=&#8221;#005061&#8243; custom_padding=&#8221;10vw||||false|false&#8221; top_divider_style=&#8221;asymmetric3&#8243; top_divider_color=&#8221;#FFFFFF&#8221; global_colors_info=&#8221;{}&#8221;][et_pb_row _builder_version=&#8221;4.17.1&#8243; _module_preset=&#8221;default&#8221; background_color=&#8221;rgba(0,80,97,0.9)&#8221; custom_padding=&#8221;80px|5%|40px|5%|false|true&#8221; global_colors_info=&#8221;{}&#8221;][et_pb_column type=&#8221;4_4&#8243; _builder_version=&#8221;4.17.1&#8243; _module_preset=&#8221;default&#8221; global_colors_info=&#8221;{}&#8221;][et_pb_divider color=&#8221;#FFFFFF&#8221; divider_weight=&#8221;3px&#8221; _builder_version=&#8221;4.17.1&#8243; max_width=&#8221;100px&#8221; custom_margin=&#8221;||0px|&#8221; locked=&#8221;off&#8221; global_colors_info=&#8221;{}&#8221;][\/et_pb_divider][et_pb_text _builder_version=&#8221;4.17.1&#8243; text_font=&#8221;Montserrat|300|||||||&#8221; text_text_color=&#8221;rgba(255,255,255,0.8)&#8221; text_font_size=&#8221;16px&#8221; text_line_height=&#8221;2em&#8221; header_font=&#8221;||||||||&#8221; header_2_font=&#8221;||||||||&#8221; header_2_text_color=&#8221;#FFFFFF&#8221; header_2_font_size=&#8221;36px&#8221; header_2_line_height=&#8221;1.4em&#8221; header_2_font_size_tablet=&#8221;30px&#8221; header_2_font_size_phone=&#8221;24px&#8221; header_2_font_size_last_edited=&#8221;on|phone&#8221; locked=&#8221;off&#8221; global_colors_info=&#8221;{}&#8221;]<\/p>\n<h2>xustiza restaurativa<\/h2>\n<div dir=\"ltr\">Buscamos o interese lex\u00edtimo das v\u00edtimas para facerse escoitar con m\u00e1is contundencia en relaci\u00f3n \u00e1 resposta \u00e1 s\u00faa victimizaci\u00f3n, para comunicarse co delincuente e para obter reparaci\u00f3n e satisfacci\u00f3n no marco do proceso de xustiza. Por outra banda, comprom\u00e9tese coa importancia de crear un sentido de responsabilidade entre os infractores e ofrecerlles oportunidades para reparar os danos causados, que poidan favorecer a s\u00faa reinserci\u00f3n, permitir a reparaci\u00f3n e favorecer a desistimento de cometer novas condutas lesivas.<\/div>\n<div dir=\"ltr\"><\/div>\n<div dir=\"ltr\"><\/div>\n<div dir=\"ltr\"><\/div>\n<div dir=\"ltr\"><\/div>\n<div dir=\"ltr\"><\/div>\n<div dir=\"ltr\"><\/div>\n<p>Esta tarefa \u00e9 realizada por profesionais externos e independentes da Instituci\u00f3n, en procesos nos que se desenvolven:<\/p>\n<p>[\/et_pb_text][\/et_pb_column][\/et_pb_row][et_pb_row column_structure=&#8221;1_2,1_2&#8243; make_equal=&#8221;on&#8221; _builder_version=&#8221;4.17.1&#8243; _module_preset=&#8221;default&#8221; background_color=&#8221;rgba(0,80,97,0.9)&#8221; custom_padding=&#8221;40px|5%|40px|5%|true|true&#8221; global_colors_info=&#8221;{}&#8221;][et_pb_column type=&#8221;1_2&#8243; _builder_version=&#8221;4.17.1&#8243; _module_preset=&#8221;default&#8221; global_colors_info=&#8221;{}&#8221;][et_pb_text _builder_version=&#8221;4.17.1&#8243; text_font=&#8221;Montserrat|300|||||||&#8221; text_text_color=&#8221;#005061&#8243; text_font_size=&#8221;16px&#8221; text_line_height=&#8221;2em&#8221; header_font=&#8221;||||||||&#8221; header_2_font=&#8221;||||||||&#8221; header_2_text_color=&#8221;#FFFFFF&#8221; header_2_font_size=&#8221;36px&#8221; header_2_line_height=&#8221;1.4em&#8221; background_color=&#8221;#FFFFFF&#8221; custom_padding=&#8221;20px|20px|20px|20px|true|true&#8221; header_2_font_size_tablet=&#8221;30px&#8221; header_2_font_size_phone=&#8221;24px&#8221; header_2_font_size_last_edited=&#8221;on|phone&#8221; locked=&#8221;off&#8221; global_colors_info=&#8221;{}&#8221;]<\/p>\n<p><strong>1. Entrevistas coa v\u00edtima<\/strong> , centradas na atenci\u00f3n \u00e1s necesidades antes referidas. Este proceso desenv\u00f3lvese de forma paralela ao victimario, para acompa\u00f1alo no descubrimento da verdade do acontecido e na asunci\u00f3n de responsabilidade e comprensi\u00f3n na s\u00faa biograf\u00eda do comportamento abusivo.<\/p>\n<p>[\/et_pb_text][\/et_pb_column][et_pb_column type=&#8221;1_2&#8243; _builder_version=&#8221;4.17.1&#8243; _module_preset=&#8221;default&#8221; global_colors_info=&#8221;{}&#8221;][et_pb_text _builder_version=&#8221;4.17.1&#8243; text_font=&#8221;Montserrat|300|||||||&#8221; text_text_color=&#8221;#005061&#8243; text_font_size=&#8221;16px&#8221; text_line_height=&#8221;2em&#8221; header_font=&#8221;||||||||&#8221; header_2_font=&#8221;||||||||&#8221; header_2_text_color=&#8221;#FFFFFF&#8221; header_2_font_size=&#8221;36px&#8221; header_2_line_height=&#8221;1.4em&#8221; background_color=&#8221;#FFFFFF&#8221; height=&#8221;100%&#8221; custom_padding=&#8221;20px|20px|20px|20px|true|true&#8221; header_2_font_size_tablet=&#8221;30px&#8221; header_2_font_size_phone=&#8221;24px&#8221; header_2_font_size_last_edited=&#8221;on|phone&#8221; locked=&#8221;off&#8221; global_colors_info=&#8221;{}&#8221;]<\/p>\n<p><strong>2. Reuni\u00f3n coas persoas<\/strong> que no momento dos feitos puideran co\u00f1ecer deles, para comprobar o grao de co\u00f1ecemento que ti\u00f1an, e o que fixeron ou non.<\/p>\n<p>[\/et_pb_text][\/et_pb_column][\/et_pb_row][et_pb_row column_structure=&#8221;1_2,1_2&#8243; make_equal=&#8221;on&#8221; _builder_version=&#8221;4.17.1&#8243; _module_preset=&#8221;default&#8221; background_color=&#8221;rgba(0,80,97,0.9)&#8221; custom_padding=&#8221;40px|5%|80px|5%|false|true&#8221; global_colors_info=&#8221;{}&#8221;][et_pb_column type=&#8221;1_2&#8243; _builder_version=&#8221;4.17.1&#8243; _module_preset=&#8221;default&#8221; global_colors_info=&#8221;{}&#8221;][et_pb_text _builder_version=&#8221;4.17.1&#8243; text_font=&#8221;Montserrat|300|||||||&#8221; text_text_color=&#8221;#005061&#8243; text_font_size=&#8221;16px&#8221; text_line_height=&#8221;2em&#8221; header_font=&#8221;||||||||&#8221; header_2_font=&#8221;||||||||&#8221; header_2_text_color=&#8221;#FFFFFF&#8221; header_2_font_size=&#8221;36px&#8221; header_2_line_height=&#8221;1.4em&#8221; background_color=&#8221;#FFFFFF&#8221; height=&#8221;100%&#8221; custom_padding=&#8221;20px|20px|20px|20px|true|true&#8221; header_2_font_size_tablet=&#8221;30px&#8221; header_2_font_size_phone=&#8221;24px&#8221; header_2_font_size_last_edited=&#8221;on|phone&#8221; locked=&#8221;off&#8221; global_colors_info=&#8221;{}&#8221;]<\/p>\n<p><strong>3. Reuni\u00f3n coa Instituci\u00f3n<\/strong>, no noso caso, na persoa do superior da Compa\u00f1\u00eda de Xes\u00fas en Espa\u00f1a, para narrar os acontecementos, as graves consecuencias que estes feitos tiveron no seu proceso vital; pedir explicaci\u00f3ns sobre o que se fixo ou non, as\u00ed como o que se vai facer para garantir que os feitos non se repitan.<\/p>\n<p>[\/et_pb_text][\/et_pb_column][et_pb_column type=&#8221;1_2&#8243; _builder_version=&#8221;4.17.1&#8243; _module_preset=&#8221;default&#8221; global_colors_info=&#8221;{}&#8221;][et_pb_text _builder_version=&#8221;4.17.1&#8243; text_font=&#8221;Montserrat|300|||||||&#8221; text_text_color=&#8221;#005061&#8243; text_font_size=&#8221;16px&#8221; text_line_height=&#8221;2em&#8221; header_font=&#8221;||||||||&#8221; header_2_font=&#8221;||||||||&#8221; header_2_text_color=&#8221;#FFFFFF&#8221; header_2_font_size=&#8221;36px&#8221; header_2_line_height=&#8221;1.4em&#8221; background_color=&#8221;#FFFFFF&#8221; custom_padding=&#8221;20px|20px|20px|20px|true|true&#8221; header_2_font_size_tablet=&#8221;30px&#8221; header_2_font_size_phone=&#8221;24px&#8221; header_2_font_size_last_edited=&#8221;on|phone&#8221; locked=&#8221;off&#8221; global_colors_info=&#8221;{}&#8221;]<\/p>\n<div><strong>4.<\/strong> Se o cami\u00f1o para ambas as partes, v\u00edtima e agresor, o permite, p\u00f3dense planificar <strong>encontros entre v\u00edtima de maltrato e agresor<\/strong> . A\u00ednda que as condici\u00f3ns e a vontade das persoas implicadas o permitan, poder\u00eda haber un encontro entre a v\u00edtima e a persoa que a maltratou, buscando &#8220;romper o v\u00ednculo&#8221; que as une e pacificar, restaurar e axudar a curar, cando menos, \u00e1 v\u00edtima.<\/div>\n<p>[\/et_pb_text][\/et_pb_column][\/et_pb_row][\/et_pb_section][et_pb_section fb_built=&#8221;1&#8243; custom_padding_last_edited=&#8221;on|tablet&#8221; prev_background_color=&#8221;#005061&#8243; next_background_color=&#8221;#009DC2&#8243; admin_label=&#8221;Testimonials&#8221; module_id=&#8221;Xustiza&#8221; _builder_version=&#8221;4.17.1&#8243; background_color=&#8221;#f7f8fc&#8221; background_image=&#8221;https:\/\/entornoseguro.org\/wp-content\/uploads\/2022\/04\/bg_gente.png&#8221; background_size=&#8221;initial&#8221; background_position=&#8221;top_left&#8221; background_repeat=&#8221;repeat&#8221; custom_padding=&#8221;200px||250px||false|false&#8221; custom_padding_tablet=&#8221;150px||150px||true&#8221; custom_padding_phone=&#8221;100px||100px||true&#8221; top_divider_style=&#8221;asymmetric3&#8243; top_divider_height=&#8221;20%&#8221; top_divider_repeat=&#8221;0.8x&#8221; top_divider_flip=&#8221;horizontal|vertical&#8221; bottom_divider_style=&#8221;asymmetric3&#8243; bottom_divider_height=&#8221;30%&#8221; bottom_divider_height_tablet=&#8221;180px&#8221; bottom_divider_height_phone=&#8221;110px&#8221; bottom_divider_height_last_edited=&#8221;on|phone&#8221; global_colors_info=&#8221;{}&#8221;][et_pb_row column_structure=&#8221;1_4,1_2,1_4&#8243; _builder_version=&#8221;4.17.3&#8243; _module_preset=&#8221;default&#8221; global_colors_info=&#8221;{}&#8221;][et_pb_column type=&#8221;1_4&#8243; _builder_version=&#8221;4.17.3&#8243; _module_preset=&#8221;default&#8221; global_colors_info=&#8221;{}&#8221;][\/et_pb_column][et_pb_column type=&#8221;1_2&#8243; _builder_version=&#8221;4.17.3&#8243; _module_preset=&#8221;default&#8221; background_color=&#8221;#005061&#8243; custom_padding=&#8221;20px|20px|20px|20px|true|true&#8221; border_radii=&#8221;on|10px|10px|10px|10px&#8221; box_shadow_style=&#8221;preset1&#8243; global_colors_info=&#8221;{}&#8221;][et_pb_text _builder_version=&#8221;4.17.3&#8243; _module_preset=&#8221;default&#8221; text_text_color=&#8221;#FFFFFF&#8221; header_3_font=&#8221;|800|||||||&#8221; header_3_text_color=&#8221;#FFFFFF&#8221; text_orientation=&#8221;center&#8221; global_colors_info=&#8221;{}&#8221;]<\/p>\n<h3><span style=\"font-weight: 400;\">protocolo de reparaci\u00f3n<\/span><\/h3>\n<p><span style=\"font-weight: 400;\">No marco m\u00e1is amplo da Xustiza Restaurativa, co noso protocolo de reparaci\u00f3n traballamos para dar resposta aos casos nos que non sexa posible o recurso \u00e1 xustiza civil por diversos motivos.<\/span><\/p>\n<p>[\/et_pb_text][et_pb_button button_url=&#8221;https:\/\/entornoseguro.org\/protocolo-de-reparacion\/&#8221; button_text=&#8221;Aprender m\u00e1is&#8221; button_alignment=&#8221;center&#8221; _builder_version=&#8221;4.17.3&#8243; _module_preset=&#8221;default&#8221; button_text_size=&#8221;14px&#8221; button_text_color=&#8221;#FFFFFF&#8221; button_bg_color_gradient_stops=&#8221;#337281 0%|#009dc2 61%|#005061 100%&#8221; button_border_width=&#8221;0px&#8221; global_colors_info=&#8221;{}&#8221;][\/et_pb_button][\/et_pb_column][et_pb_column type=&#8221;1_4&#8243; _builder_version=&#8221;4.17.3&#8243; _module_preset=&#8221;default&#8221; global_colors_info=&#8221;{}&#8221;][\/et_pb_column][\/et_pb_row][\/et_pb_section]<\/p>\n","protected":false},"excerpt":{"rendered":"<p>Intervenci\u00f3n Respondemos a calquera situaci\u00f3n de abuso da que recibamos noticias ou te\u00f1amos co\u00f1ecemento . Precisamos que as v\u00edtimas nos env\u00eden a informaci\u00f3n directamente, a trav\u00e9s dos axentes de medio ambiente seguro dos centros, dende o buz\u00f3n proteccion@jesuitas.es ou por outros medios.Creamos un equipo de escorts presentes en toda Espa\u00f1a. Forman equipos de escoita que [&hellip;]<\/p>\n","protected":false},"author":1,"featured_media":0,"parent":0,"menu_order":0,"comment_status":"closed","ping_status":"closed","template":"","meta":{"_et_pb_use_builder":"on","_et_pb_old_content":"","_et_gb_content_width":"","footnotes":""},"class_list":["post-10934","page","type-page","status-publish","hentry"],"_links":{"self":[{"href":"https:\/\/entornoseguro.org\/gl\/wp-json\/wp\/v2\/pages\/10934","targetHints":{"allow":["GET"]}}],"collection":[{"href":"https:\/\/entornoseguro.org\/gl\/wp-json\/wp\/v2\/pages"}],"about":[{"href":"https:\/\/entornoseguro.org\/gl\/wp-json\/wp\/v2\/types\/page"}],"author":[{"embeddable":true,"href":"https:\/\/entornoseguro.org\/gl\/wp-json\/wp\/v2\/users\/1"}],"replies":[{"embeddable":true,"href":"https:\/\/entornoseguro.org\/gl\/wp-json\/wp\/v2\/comments?post=10934"}],"version-history":[{"count":0,"href":"https:\/\/entornoseguro.org\/gl\/wp-json\/wp\/v2\/pages\/10934\/revisions"}],"wp:attachment":[{"href":"https:\/\/entornoseguro.org\/gl\/wp-json\/wp\/v2\/media?parent=10934"}],"curies":[{"name":"wp","href":"https:\/\/api.w.org\/{rel}","templated":true}]}}